{"id":17026,"date":"2024-11-25T07:53:12","date_gmt":"2024-11-25T07:53:12","guid":{"rendered":"https:\/\/aquas.lt\/produktas\/benjamim-soap-gift-box-2x100g-2x35oz\/"},"modified":"2024-12-14T18:23:58","modified_gmt":"2024-12-14T18:23:58","slug":"benjamim-soap-gift-box-2x100g-2x35oz","status":"publish","type":"product","link":"https:\/\/aquas.lt\/en\/product\/benjamim-soap-gift-box-2x100g-2x35oz\/","title":{"rendered":"BENJAMIM SOAP GIFT BOX (2x100g | 2X3,5oz)"},"content":{"rendered":"","protected":false},"excerpt":{"rendered":"<p>Benjamimo muilo d\u0117\u017eut\u0117 \u012fkv\u0117pimo semiasi i\u0161 klasikini\u0173 vaiki\u0161k\u0173 knyg\u0173 ir j\u0173 miel\u0173 bei paprast\u0173 k\u016brini\u0173. \u0160ioje muilo d\u0117\u017eut\u0117je yra du muilai, pagaminti augalinio muilo pagrindu, praturtinto alyvuogi\u0173 aliejumi ir gaivinan\u010dio bei gaivinan\u010dio kvapo. Tobula dovana prad\u017eiuginti tuos, kurie j\u0105 gauna.<\/p>","protected":false},"featured_media":19218,"comment_status":"open","ping_status":"closed","template":"","meta":[],"product_cat":[101],"product_tag":[],"class_list":{"0":"post-17026","1":"product","2":"type-product","3":"status-publish","4":"has-post-thumbnail","6":"product_cat-ach-brito-muilai","8":"first","9":"instock","10":"shipping-taxable","11":"purchasable","12":"product-type-simple"},"_links":{"self":[{"href":"https:\/\/aquas.lt\/en\/wp-json\/wp\/v2\/product\/17026"}],"collection":[{"href":"https:\/\/aquas.lt\/en\/wp-json\/wp\/v2\/product"}],"about":[{"href":"https:\/\/aquas.lt\/en\/wp-json\/wp\/v2\/types\/product"}],"replies":[{"embeddable":true,"href":"https:\/\/aquas.lt\/en\/wp-json\/wp\/v2\/comments?post=17026"}],"version-history":[{"count":2,"href":"https:\/\/aquas.lt\/en\/wp-json\/wp\/v2\/product\/17026\/revisions"}],"predecessor-version":[{"id":19363,"href":"https:\/\/aquas.lt\/en\/wp-json\/wp\/v2\/product\/17026\/revisions\/19363"}],"wp:featuredmedia":[{"embeddable":true,"href":"https:\/\/aquas.lt\/en\/wp-json\/wp\/v2\/media\/19218"}],"wp:attachment":[{"href":"https:\/\/aquas.lt\/en\/wp-json\/wp\/v2\/media?parent=17026"}],"wp:term":[{"taxonomy":"product_cat","embeddable":true,"href":"https:\/\/aquas.lt\/en\/wp-json\/wp\/v2\/product_cat?post=17026"},{"taxonomy":"product_tag","embeddable":true,"href":"https:\/\/aquas.lt\/en\/wp-json\/wp\/v2\/product_tag?post=17026"}],"curies":[{"name":"wp","href":"https:\/\/api.w.org\/{rel}","templated":true}]}}