{"id":17009,"date":"2024-11-25T07:53:12","date_gmt":"2024-11-25T07:53:12","guid":{"rendered":"https:\/\/aquas.lt\/produktas\/tropical-blossom-soap-160g-56oz\/"},"modified":"2024-12-14T18:21:57","modified_gmt":"2024-12-14T18:21:57","slug":"tropical-blossom-soap-160g-56oz","status":"publish","type":"product","link":"https:\/\/aquas.lt\/en\/product\/tropical-blossom-soap-160g-56oz\/","title":{"rendered":"TROPICAL BLOSSOM SOAP (160g | 5,6oz)"},"content":{"rendered":"","protected":false},"excerpt":{"rendered":"<p>\u0160iuolaikin\u0117s ir modernios koncepcijos \u201eTropical Blossom\u201c muilas nukelia mus \u012f egzoti\u0161k\u0105 atogr\u0105\u017e\u0173 vietov\u0119, leisdamas patirti unikali\u0105 patirt\u012f.<br \/>\nPagamintas augalinio muilo pagrindu, maloniai kvepia, jis taip pat praturtintas alyvuogi\u0173 aliejumi, suteikian\u010diu dr\u0117kinimo savybi\u0173. Formul\u0117 sukuria kremines ir gausias putas, kurios palieka od\u0105 \u0161vari\u0105, sudr\u0117kint\u0105 ir \u0161velniai kvepian\u010di\u0105.<\/p>","protected":false},"featured_media":19360,"comment_status":"open","ping_status":"closed","template":"","meta":[],"product_cat":[101],"product_tag":[],"class_list":{"0":"post-17009","1":"product","2":"type-product","3":"status-publish","4":"has-post-thumbnail","6":"product_cat-ach-brito-muilai","8":"first","9":"instock","10":"shipping-taxable","11":"purchasable","12":"product-type-simple"},"_links":{"self":[{"href":"https:\/\/aquas.lt\/en\/wp-json\/wp\/v2\/product\/17009"}],"collection":[{"href":"https:\/\/aquas.lt\/en\/wp-json\/wp\/v2\/product"}],"about":[{"href":"https:\/\/aquas.lt\/en\/wp-json\/wp\/v2\/types\/product"}],"replies":[{"embeddable":true,"href":"https:\/\/aquas.lt\/en\/wp-json\/wp\/v2\/comments?post=17009"}],"version-history":[{"count":2,"href":"https:\/\/aquas.lt\/en\/wp-json\/wp\/v2\/product\/17009\/revisions"}],"predecessor-version":[{"id":19361,"href":"https:\/\/aquas.lt\/en\/wp-json\/wp\/v2\/product\/17009\/revisions\/19361"}],"wp:featuredmedia":[{"embeddable":true,"href":"https:\/\/aquas.lt\/en\/wp-json\/wp\/v2\/media\/19360"}],"wp:attachment":[{"href":"https:\/\/aquas.lt\/en\/wp-json\/wp\/v2\/media?parent=17009"}],"wp:term":[{"taxonomy":"product_cat","embeddable":true,"href":"https:\/\/aquas.lt\/en\/wp-json\/wp\/v2\/product_cat?post=17009"},{"taxonomy":"product_tag","embeddable":true,"href":"https:\/\/aquas.lt\/en\/wp-json\/wp\/v2\/product_tag?post=17009"}],"curies":[{"name":"wp","href":"https:\/\/api.w.org\/{rel}","templated":true}]}}