{"id":17008,"date":"2024-11-25T07:53:12","date_gmt":"2024-11-25T07:53:12","guid":{"rendered":"https:\/\/aquas.lt\/produktas\/royal-jungle-soap-160g-56oz\/"},"modified":"2024-12-14T18:09:13","modified_gmt":"2024-12-14T18:09:13","slug":"royal-jungle-soap-160g-56oz","status":"publish","type":"product","link":"https:\/\/aquas.lt\/en\/product\/royal-jungle-soap-160g-56oz\/","title":{"rendered":"ROYAL JUNGLE SOAP (160g | 5,6oz)"},"content":{"rendered":"","protected":false},"excerpt":{"rendered":"<p>\u0160iuolaikin\u0117s koncepcijos \u201eRoyal Jungle\u201c muilas nukelia mus \u012f egzoti\u0161k\u0105 atogr\u0105\u017e\u0173 viet\u0105, leisdamas patirti unikali\u0105 patirt\u012f.<br \/>\nProduced with a vegetable soap base, it offers an elegant fragrance, and it is enriched with green clay, which gives it purifying properties. The formula creates a creamy and abundant foam that leaves the skin clean, purified and lightly scented.<\/p>","protected":false},"featured_media":19337,"comment_status":"open","ping_status":"closed","template":"","meta":[],"product_cat":[101],"product_tag":[],"class_list":{"0":"post-17008","1":"product","2":"type-product","3":"status-publish","4":"has-post-thumbnail","6":"product_cat-ach-brito-muilai","8":"first","9":"instock","10":"shipping-taxable","11":"purchasable","12":"product-type-simple"},"_links":{"self":[{"href":"https:\/\/aquas.lt\/en\/wp-json\/wp\/v2\/product\/17008"}],"collection":[{"href":"https:\/\/aquas.lt\/en\/wp-json\/wp\/v2\/product"}],"about":[{"href":"https:\/\/aquas.lt\/en\/wp-json\/wp\/v2\/types\/product"}],"replies":[{"embeddable":true,"href":"https:\/\/aquas.lt\/en\/wp-json\/wp\/v2\/comments?post=17008"}],"version-history":[{"count":2,"href":"https:\/\/aquas.lt\/en\/wp-json\/wp\/v2\/product\/17008\/revisions"}],"predecessor-version":[{"id":19339,"href":"https:\/\/aquas.lt\/en\/wp-json\/wp\/v2\/product\/17008\/revisions\/19339"}],"wp:featuredmedia":[{"embeddable":true,"href":"https:\/\/aquas.lt\/en\/wp-json\/wp\/v2\/media\/19337"}],"wp:attachment":[{"href":"https:\/\/aquas.lt\/en\/wp-json\/wp\/v2\/media?parent=17008"}],"wp:term":[{"taxonomy":"product_cat","embeddable":true,"href":"https:\/\/aquas.lt\/en\/wp-json\/wp\/v2\/product_cat?post=17008"},{"taxonomy":"product_tag","embeddable":true,"href":"https:\/\/aquas.lt\/en\/wp-json\/wp\/v2\/product_tag?post=17008"}],"curies":[{"name":"wp","href":"https:\/\/api.w.org\/{rel}","templated":true}]}}