{"id":17007,"date":"2024-11-25T07:53:12","date_gmt":"2024-11-25T07:53:12","guid":{"rendered":"https:\/\/aquas.lt\/produktas\/pomegranate-soap-160g-56oz\/"},"modified":"2024-12-14T18:05:33","modified_gmt":"2024-12-14T18:05:33","slug":"pomegranate-soap-160g-56oz","status":"publish","type":"product","link":"https:\/\/aquas.lt\/en\/product\/pomegranate-soap-160g-56oz\/","title":{"rendered":"POMEGRANATE SOAP (160g | 5,6oz)"},"content":{"rendered":"","protected":false},"excerpt":{"rendered":"<p>Rom\u00e3 (granat\u0173) muilas suteikia sodr\u0173 kvap\u0105 su ry\u0161kiomis natomis, kurios pa\u017eadina poj\u016b\u010dius.<br \/>\nPagaminta i\u0161 augalinio muilo pagrindo, Rom\u00e3 sukuria kremines ir gausias putas, kurios palieka od\u0105 \u0161vari\u0105 ir lygi\u0105.<br \/>\nAnt pakuot\u0117s yra eleganti\u0161kos botanin\u0117s iliustracijos. Puikiai tinka kasdienei odos higienai ir gali b\u016bti naudojamas vonioje ar virtuv\u0117je, pa\u0161alinant maisto kvapus i\u0161 rank\u0173.<\/p>","protected":false},"featured_media":19329,"comment_status":"open","ping_status":"closed","template":"","meta":[],"product_cat":[101],"product_tag":[],"class_list":{"0":"post-17007","1":"product","2":"type-product","3":"status-publish","4":"has-post-thumbnail","6":"product_cat-ach-brito-muilai","8":"first","9":"instock","10":"shipping-taxable","11":"purchasable","12":"product-type-simple"},"_links":{"self":[{"href":"https:\/\/aquas.lt\/en\/wp-json\/wp\/v2\/product\/17007"}],"collection":[{"href":"https:\/\/aquas.lt\/en\/wp-json\/wp\/v2\/product"}],"about":[{"href":"https:\/\/aquas.lt\/en\/wp-json\/wp\/v2\/types\/product"}],"replies":[{"embeddable":true,"href":"https:\/\/aquas.lt\/en\/wp-json\/wp\/v2\/comments?post=17007"}],"version-history":[{"count":1,"href":"https:\/\/aquas.lt\/en\/wp-json\/wp\/v2\/product\/17007\/revisions"}],"predecessor-version":[{"id":19330,"href":"https:\/\/aquas.lt\/en\/wp-json\/wp\/v2\/product\/17007\/revisions\/19330"}],"wp:featuredmedia":[{"embeddable":true,"href":"https:\/\/aquas.lt\/en\/wp-json\/wp\/v2\/media\/19329"}],"wp:attachment":[{"href":"https:\/\/aquas.lt\/en\/wp-json\/wp\/v2\/media?parent=17007"}],"wp:term":[{"taxonomy":"product_cat","embeddable":true,"href":"https:\/\/aquas.lt\/en\/wp-json\/wp\/v2\/product_cat?post=17007"},{"taxonomy":"product_tag","embeddable":true,"href":"https:\/\/aquas.lt\/en\/wp-json\/wp\/v2\/product_tag?post=17007"}],"curies":[{"name":"wp","href":"https:\/\/api.w.org\/{rel}","templated":true}]}}