{"id":17002,"date":"2024-11-25T07:53:11","date_gmt":"2024-11-25T07:53:11","guid":{"rendered":"https:\/\/aquas.lt\/produktas\/tomate-soap-160g-56oz\/"},"modified":"2024-12-14T18:18:41","modified_gmt":"2024-12-14T18:18:41","slug":"tomate-soap-160g-56oz","status":"publish","type":"product","link":"https:\/\/aquas.lt\/en\/product\/tomate-soap-160g-56oz\/","title":{"rendered":"TOMATE SOAP (160g | 5,6oz)"},"content":{"rendered":"","protected":false},"excerpt":{"rendered":"<p>Pomidor\u0173 kvapo muilas sujungia sald\u017eias ir r\u016bg\u0161\u010dias natas, kiekvien\u0105 kart\u0105 stebindamas.<br \/>\nPagamintas augalinio muilo pagrindu, \u0161is muilas sukuria kremines ir gausias putas, kurios palieka od\u0105 \u0161vari\u0105 ir lygi\u0105.<br \/>\nThe packaging features elegant botanical illustrations. It is excellent for daily skin hygiene, and it can be used in the bath or kitchen, eliminating food odors from your hands.<\/p>","protected":false},"featured_media":19353,"comment_status":"open","ping_status":"closed","template":"","meta":[],"product_cat":[101],"product_tag":[],"class_list":{"0":"post-17002","1":"product","2":"type-product","3":"status-publish","4":"has-post-thumbnail","6":"product_cat-ach-brito-muilai","8":"first","9":"instock","10":"shipping-taxable","11":"purchasable","12":"product-type-simple"},"_links":{"self":[{"href":"https:\/\/aquas.lt\/en\/wp-json\/wp\/v2\/product\/17002"}],"collection":[{"href":"https:\/\/aquas.lt\/en\/wp-json\/wp\/v2\/product"}],"about":[{"href":"https:\/\/aquas.lt\/en\/wp-json\/wp\/v2\/types\/product"}],"replies":[{"embeddable":true,"href":"https:\/\/aquas.lt\/en\/wp-json\/wp\/v2\/comments?post=17002"}],"version-history":[{"count":2,"href":"https:\/\/aquas.lt\/en\/wp-json\/wp\/v2\/product\/17002\/revisions"}],"predecessor-version":[{"id":19355,"href":"https:\/\/aquas.lt\/en\/wp-json\/wp\/v2\/product\/17002\/revisions\/19355"}],"wp:featuredmedia":[{"embeddable":true,"href":"https:\/\/aquas.lt\/en\/wp-json\/wp\/v2\/media\/19353"}],"wp:attachment":[{"href":"https:\/\/aquas.lt\/en\/wp-json\/wp\/v2\/media?parent=17002"}],"wp:term":[{"taxonomy":"product_cat","embeddable":true,"href":"https:\/\/aquas.lt\/en\/wp-json\/wp\/v2\/product_cat?post=17002"},{"taxonomy":"product_tag","embeddable":true,"href":"https:\/\/aquas.lt\/en\/wp-json\/wp\/v2\/product_tag?post=17002"}],"curies":[{"name":"wp","href":"https:\/\/api.w.org\/{rel}","templated":true}]}}