{"id":16999,"date":"2024-11-25T07:53:11","date_gmt":"2024-11-25T07:53:11","guid":{"rendered":"https:\/\/aquas.lt\/produktas\/lusitano-mar-soap-75g-26oz-algae-salt-flower\/"},"modified":"2024-12-14T17:51:02","modified_gmt":"2024-12-14T17:51:02","slug":"lusitano-mar-soap-75g-26oz-algae-salt-flower","status":"publish","type":"product","link":"https:\/\/aquas.lt\/en\/product\/lusitano-mar-soap-75g-26oz-algae-salt-flower\/","title":{"rendered":"LUSITANO MAR SOAP (Algae &#038; Salt Flower) (75g | 2,6oz)"},"content":{"rendered":"","protected":false},"excerpt":{"rendered":"<p>&#8222;O, s\u016bri j\u016bra, kiek tavo druskos yra a\u0161aros i\u0161 Portugalijos!&#8221; \u0160iuos garsius \u017eod\u017eius Fernando Pessoa para\u0161\u0117 eil\u0117ra\u0161tyje, kuriame \u012fam\u017eintas portugal\u0173 ir j\u016bros ry\u0161ys. \u0160is neatmenamas ry\u0161ys, kuris i\u0161 karto perkelia mus \u012f m\u016bs\u0173 j\u016brin\u012f ep\u0105, pad\u0117jo apibr\u0117\u017eti portugal\u0173 \u017emoni\u0173 \u012fpro\u010dius ir papro\u010dius. Ach. Brito pristato Mar muil\u0105, pagerbdamas j\u016bros vaidmen\u012f formuojant portugal\u0173 charakter\u012f. Dr\u0105saus, bet malonaus kvapo, \u0161is muilas pagamintas i\u0161 augalinio muilo pagrindo ir praturtintas alyvuogi\u0173 aliejumi.<\/p>","protected":false},"featured_media":19289,"comment_status":"open","ping_status":"closed","template":"","meta":[],"product_cat":[101],"product_tag":[],"class_list":{"0":"post-16999","1":"product","2":"type-product","3":"status-publish","4":"has-post-thumbnail","6":"product_cat-ach-brito-muilai","8":"first","9":"instock","10":"shipping-taxable","11":"purchasable","12":"product-type-simple"},"_links":{"self":[{"href":"https:\/\/aquas.lt\/en\/wp-json\/wp\/v2\/product\/16999"}],"collection":[{"href":"https:\/\/aquas.lt\/en\/wp-json\/wp\/v2\/product"}],"about":[{"href":"https:\/\/aquas.lt\/en\/wp-json\/wp\/v2\/types\/product"}],"replies":[{"embeddable":true,"href":"https:\/\/aquas.lt\/en\/wp-json\/wp\/v2\/comments?post=16999"}],"version-history":[{"count":1,"href":"https:\/\/aquas.lt\/en\/wp-json\/wp\/v2\/product\/16999\/revisions"}],"predecessor-version":[{"id":19290,"href":"https:\/\/aquas.lt\/en\/wp-json\/wp\/v2\/product\/16999\/revisions\/19290"}],"wp:featuredmedia":[{"embeddable":true,"href":"https:\/\/aquas.lt\/en\/wp-json\/wp\/v2\/media\/19289"}],"wp:attachment":[{"href":"https:\/\/aquas.lt\/en\/wp-json\/wp\/v2\/media?parent=16999"}],"wp:term":[{"taxonomy":"product_cat","embeddable":true,"href":"https:\/\/aquas.lt\/en\/wp-json\/wp\/v2\/product_cat?post=16999"},{"taxonomy":"product_tag","embeddable":true,"href":"https:\/\/aquas.lt\/en\/wp-json\/wp\/v2\/product_tag?post=16999"}],"curies":[{"name":"wp","href":"https:\/\/api.w.org\/{rel}","templated":true}]}}