{"id":16998,"date":"2024-11-25T07:53:11","date_gmt":"2024-11-25T07:53:11","guid":{"rendered":"https:\/\/aquas.lt\/produktas\/lusitano-galo-soap-75g-26oz-thyme-orange\/"},"modified":"2024-12-14T17:50:16","modified_gmt":"2024-12-14T17:50:16","slug":"lusitano-galo-soap-75g-26oz-thyme-orange","status":"publish","type":"product","link":"https:\/\/aquas.lt\/en\/product\/lusitano-galo-soap-75g-26oz-thyme-orange\/","title":{"rendered":"LUSITANO GALO SOAP (Thyme &#038; Orange) (75g | 2,6oz)"},"content":{"rendered":"","protected":false},"excerpt":{"rendered":"<p>More than a symbol of the city from which it is originated, the rooster of Barcelos is today the greatest symbol of Portuguese handicraft.<br \/>\nIe\u0161koti ir pripa\u017einta tarpvalstybiniu mastu, ji reprezentuoja m\u016bs\u0173 \u017emoni\u0173 tapatyb\u0119 ir \u012fvaizd\u012f, pasi\u017eymint\u012f paprastumu, s\u0105\u017einingumu ir i\u0161mintimi. Pagerbdami portugal\u0173 amatinink\u0173 meitri\u0161kum\u0105 Ach. Brito pristato \u201eGalo\u201c muil\u0105.<br \/>\n\u0160is stimuliuojan\u010dio ir \u012fsp\u016bdingo kvapo muilas pagamintas i\u0161 augalinio muilo pagrindo, praturtinto alyvuogi\u0173 aliejumi.<\/p>","protected":false},"featured_media":19286,"comment_status":"open","ping_status":"closed","template":"","meta":[],"product_cat":[101],"product_tag":[],"class_list":{"0":"post-16998","1":"product","2":"type-product","3":"status-publish","4":"has-post-thumbnail","6":"product_cat-ach-brito-muilai","8":"first","9":"instock","10":"shipping-taxable","11":"purchasable","12":"product-type-simple"},"_links":{"self":[{"href":"https:\/\/aquas.lt\/en\/wp-json\/wp\/v2\/product\/16998"}],"collection":[{"href":"https:\/\/aquas.lt\/en\/wp-json\/wp\/v2\/product"}],"about":[{"href":"https:\/\/aquas.lt\/en\/wp-json\/wp\/v2\/types\/product"}],"replies":[{"embeddable":true,"href":"https:\/\/aquas.lt\/en\/wp-json\/wp\/v2\/comments?post=16998"}],"version-history":[{"count":2,"href":"https:\/\/aquas.lt\/en\/wp-json\/wp\/v2\/product\/16998\/revisions"}],"predecessor-version":[{"id":19288,"href":"https:\/\/aquas.lt\/en\/wp-json\/wp\/v2\/product\/16998\/revisions\/19288"}],"wp:featuredmedia":[{"embeddable":true,"href":"https:\/\/aquas.lt\/en\/wp-json\/wp\/v2\/media\/19286"}],"wp:attachment":[{"href":"https:\/\/aquas.lt\/en\/wp-json\/wp\/v2\/media?parent=16998"}],"wp:term":[{"taxonomy":"product_cat","embeddable":true,"href":"https:\/\/aquas.lt\/en\/wp-json\/wp\/v2\/product_cat?post=16998"},{"taxonomy":"product_tag","embeddable":true,"href":"https:\/\/aquas.lt\/en\/wp-json\/wp\/v2\/product_tag?post=16998"}],"curies":[{"name":"wp","href":"https:\/\/api.w.org\/{rel}","templated":true}]}}