{"id":16997,"date":"2024-11-25T07:53:11","date_gmt":"2024-11-25T07:53:11","guid":{"rendered":"https:\/\/aquas.lt\/produktas\/lusitano-saudade-soap-75g-26oz-lavander-jasmin\/"},"modified":"2024-12-14T17:53:31","modified_gmt":"2024-12-14T17:53:31","slug":"lusitano-saudade-soap-75g-26oz-lavander-jasmin","status":"publish","type":"product","link":"https:\/\/aquas.lt\/en\/product\/lusitano-saudade-soap-75g-26oz-lavander-jasmin\/","title":{"rendered":"LUSITANO SAUDADE SOAP (Lavander &#038; Jasmin) (75g | 2,6oz)"},"content":{"rendered":"","protected":false},"excerpt":{"rendered":"<p>Saudade is one of the most common words in Portuguese love poetry and the expression that best characterizes the Portuguese soul. Fernando Pessoa once said that \u201conly the Portuguese can feel longing well because they have this word to say that they have it.\u201d\nAch. Brito celebrates this symbol of Portuguese identity with Saudade soap. With a harmonious and distinctive fragrance, this soap is made with a vegetable soap base enriched with olive oil.<br \/>\nAch. Brito \u0161ven\u010dia \u0161\u012f portugal\u0173 tapatyb\u0117s simbol\u012f su Saudade muilu. \u0160is harmoningo ir i\u0161skirtinio kvapo muilas pagamintas i\u0161 augalinio muilo pagrindo, praturtinto alyvuogi\u0173 aliejumi.<\/p>","protected":false},"featured_media":19296,"comment_status":"open","ping_status":"closed","template":"","meta":[],"product_cat":[101],"product_tag":[],"class_list":{"0":"post-16997","1":"product","2":"type-product","3":"status-publish","4":"has-post-thumbnail","6":"product_cat-ach-brito-muilai","8":"first","9":"instock","10":"shipping-taxable","11":"purchasable","12":"product-type-simple"},"_links":{"self":[{"href":"https:\/\/aquas.lt\/en\/wp-json\/wp\/v2\/product\/16997"}],"collection":[{"href":"https:\/\/aquas.lt\/en\/wp-json\/wp\/v2\/product"}],"about":[{"href":"https:\/\/aquas.lt\/en\/wp-json\/wp\/v2\/types\/product"}],"replies":[{"embeddable":true,"href":"https:\/\/aquas.lt\/en\/wp-json\/wp\/v2\/comments?post=16997"}],"version-history":[{"count":2,"href":"https:\/\/aquas.lt\/en\/wp-json\/wp\/v2\/product\/16997\/revisions"}],"predecessor-version":[{"id":19297,"href":"https:\/\/aquas.lt\/en\/wp-json\/wp\/v2\/product\/16997\/revisions\/19297"}],"wp:featuredmedia":[{"embeddable":true,"href":"https:\/\/aquas.lt\/en\/wp-json\/wp\/v2\/media\/19296"}],"wp:attachment":[{"href":"https:\/\/aquas.lt\/en\/wp-json\/wp\/v2\/media?parent=16997"}],"wp:term":[{"taxonomy":"product_cat","embeddable":true,"href":"https:\/\/aquas.lt\/en\/wp-json\/wp\/v2\/product_cat?post=16997"},{"taxonomy":"product_tag","embeddable":true,"href":"https:\/\/aquas.lt\/en\/wp-json\/wp\/v2\/product_tag?post=16997"}],"curies":[{"name":"wp","href":"https:\/\/api.w.org\/{rel}","templated":true}]}}