{"id":16996,"date":"2024-11-25T07:53:11","date_gmt":"2024-11-25T07:53:11","guid":{"rendered":"https:\/\/aquas.lt\/produktas\/lusitano-azulejo-soap-75g-26oz-honey-rosemary\/"},"modified":"2024-12-14T17:47:34","modified_gmt":"2024-12-14T17:47:34","slug":"lusitano-azulejo-soap-75g-26oz-honey-rosemary","status":"publish","type":"product","link":"https:\/\/aquas.lt\/en\/product\/lusitano-azulejo-soap-75g-26oz-honey-rosemary\/","title":{"rendered":"LUSITANO AZULEJO SOAP (Honey &#038; Rosemary) (75g | 2,6oz) (Honey &#038; Rosemary)"},"content":{"rendered":"","protected":false},"excerpt":{"rendered":"<p>The tile (\u2018azulejo\u2019 in Portuguese), which gives this soap its name, is one of the most distinctive symbols of Portuguese culture.<br \/>\nI\u0161 prad\u017ei\u0173 portugali\u0161kos plytel\u0117s buvo naudojamos labai pasirinktose turtingose \u200b\u200bvietose, kaip svarbiausi\u0173 portugal\u0173 veik\u0117j\u0173 istorijos ir atminimo gair\u0117s. Laikui b\u0117gant plytel\u0117s tapo itin populiarios ir pla\u010diai naudojamos \u012fprastuose namuose. \u0160iomis dienomis visoje \u0161alyje juos galima pamatyti puo\u0161ian\u010dius begal\u0119 fasad\u0173. Su Azulejo muilu Ach. Brito pagerbia \u0161i\u0105 \u0161imtme\u010dius gyvuojan\u010di\u0105 tradicij\u0105. \u0160is \u0161velnaus ir kaimi\u0161ko kvapo muilas pagamintas i\u0161 augalinio muilo pagrindo, praturtinto alyvuogi\u0173 aliejumi.<\/p>","protected":false},"featured_media":19283,"comment_status":"open","ping_status":"closed","template":"","meta":[],"product_cat":[101],"product_tag":[],"class_list":{"0":"post-16996","1":"product","2":"type-product","3":"status-publish","4":"has-post-thumbnail","6":"product_cat-ach-brito-muilai","8":"first","9":"instock","10":"shipping-taxable","11":"purchasable","12":"product-type-simple"},"_links":{"self":[{"href":"https:\/\/aquas.lt\/en\/wp-json\/wp\/v2\/product\/16996"}],"collection":[{"href":"https:\/\/aquas.lt\/en\/wp-json\/wp\/v2\/product"}],"about":[{"href":"https:\/\/aquas.lt\/en\/wp-json\/wp\/v2\/types\/product"}],"replies":[{"embeddable":true,"href":"https:\/\/aquas.lt\/en\/wp-json\/wp\/v2\/comments?post=16996"}],"version-history":[{"count":3,"href":"https:\/\/aquas.lt\/en\/wp-json\/wp\/v2\/product\/16996\/revisions"}],"predecessor-version":[{"id":19285,"href":"https:\/\/aquas.lt\/en\/wp-json\/wp\/v2\/product\/16996\/revisions\/19285"}],"wp:featuredmedia":[{"embeddable":true,"href":"https:\/\/aquas.lt\/en\/wp-json\/wp\/v2\/media\/19283"}],"wp:attachment":[{"href":"https:\/\/aquas.lt\/en\/wp-json\/wp\/v2\/media?parent=16996"}],"wp:term":[{"taxonomy":"product_cat","embeddable":true,"href":"https:\/\/aquas.lt\/en\/wp-json\/wp\/v2\/product_cat?post=16996"},{"taxonomy":"product_tag","embeddable":true,"href":"https:\/\/aquas.lt\/en\/wp-json\/wp\/v2\/product_tag?post=16996"}],"curies":[{"name":"wp","href":"https:\/\/api.w.org\/{rel}","templated":true}]}}