{"id":16986,"date":"2024-11-25T07:53:11","date_gmt":"2024-11-25T07:53:11","guid":{"rendered":"https:\/\/aquas.lt\/produktas\/triple-alfazema-soap-150g-53oz\/"},"modified":"2024-12-14T18:20:09","modified_gmt":"2024-12-14T18:20:09","slug":"triple-alfazema-soap-150g-53oz","status":"publish","type":"product","link":"https:\/\/aquas.lt\/en\/product\/triple-alfazema-soap-150g-53oz\/","title":{"rendered":"TRIPLE ALFAZEMA SOAP (150g | 5,3oz)"},"content":{"rendered":"","protected":false},"excerpt":{"rendered":"<p>Triple Alfazema muilas yra vieno i\u0161 labiausiai nesenstan\u010di\u0173 Ach Brito aromat\u0173. \u012eregistruotas 1932 m., \u0161is muilas buvo sukurtas \u0161velnaus ir balzaminio kvapo, toks jis i\u0161lieka ir iki \u0161iol. Pagamintas augalinio muilo pagrindu, \u0161is muilas i\u0161laiko savo viet\u0105 rinkoje. Pakuot\u0117 pasi\u017eymi klasikiniu dizainu, kur\u012f iliustruoja levand\u0173 \u017eiedai.<\/p>","protected":false},"featured_media":19357,"comment_status":"open","ping_status":"closed","template":"","meta":[],"product_cat":[101],"product_tag":[],"class_list":{"0":"post-16986","1":"product","2":"type-product","3":"status-publish","4":"has-post-thumbnail","6":"product_cat-ach-brito-muilai","8":"first","9":"instock","10":"shipping-taxable","11":"purchasable","12":"product-type-simple"},"_links":{"self":[{"href":"https:\/\/aquas.lt\/en\/wp-json\/wp\/v2\/product\/16986"}],"collection":[{"href":"https:\/\/aquas.lt\/en\/wp-json\/wp\/v2\/product"}],"about":[{"href":"https:\/\/aquas.lt\/en\/wp-json\/wp\/v2\/types\/product"}],"replies":[{"embeddable":true,"href":"https:\/\/aquas.lt\/en\/wp-json\/wp\/v2\/comments?post=16986"}],"version-history":[{"count":2,"href":"https:\/\/aquas.lt\/en\/wp-json\/wp\/v2\/product\/16986\/revisions"}],"predecessor-version":[{"id":19358,"href":"https:\/\/aquas.lt\/en\/wp-json\/wp\/v2\/product\/16986\/revisions\/19358"}],"wp:featuredmedia":[{"embeddable":true,"href":"https:\/\/aquas.lt\/en\/wp-json\/wp\/v2\/media\/19357"}],"wp:attachment":[{"href":"https:\/\/aquas.lt\/en\/wp-json\/wp\/v2\/media?parent=16986"}],"wp:term":[{"taxonomy":"product_cat","embeddable":true,"href":"https:\/\/aquas.lt\/en\/wp-json\/wp\/v2\/product_cat?post=16986"},{"taxonomy":"product_tag","embeddable":true,"href":"https:\/\/aquas.lt\/en\/wp-json\/wp\/v2\/product_tag?post=16986"}],"curies":[{"name":"wp","href":"https:\/\/api.w.org\/{rel}","templated":true}]}}