{"id":16983,"date":"2024-11-25T07:53:11","date_gmt":"2024-11-25T07:53:11","guid":{"rendered":"https:\/\/aquas.lt\/produktas\/spa-purificante-soap-100g-35oz-purifying-clay-and-verbena\/"},"modified":"2024-12-14T18:14:33","modified_gmt":"2024-12-14T18:14:33","slug":"spa-purificante-soap-100g-35oz-purifying-clay-and-verbena","status":"publish","type":"product","link":"https:\/\/aquas.lt\/en\/product\/spa-purificante-soap-100g-35oz-purifying-clay-and-verbena\/","title":{"rendered":"SPA PURIFICANTE SOAP (Clay and Verbena) (100g | 3,5oz)"},"content":{"rendered":"","protected":false},"excerpt":{"rendered":"<p>Pagamintas augalinio muilo pagrindu, Purificante \u2013 Argila e Verbena (Molis ir Verbena) muilas yra praturtintas \u017ealiuoju moliu.<br \/>\nTurtingas mineralini\u0173 drusk\u0173 ir neutralaus pH, \u017ealiasis molis turi detoksikuojan\u010di\u0173 ir antiseptini\u0173 savybi\u0173, skirtas riebiai ir spuoguotai odai, nes reguliuoja riebal\u0173 gamyb\u0105. \u0160is \u0161velnaus g\u0117li\u0173 kvapo muilas puikiai tinka padaryti j\u016bs\u0173 od\u0105 \u0161varia ir \u0161vytin\u010dia.<\/p>","protected":false},"featured_media":19345,"comment_status":"open","ping_status":"closed","template":"","meta":[],"product_cat":[101],"product_tag":[],"class_list":{"0":"post-16983","1":"product","2":"type-product","3":"status-publish","4":"has-post-thumbnail","6":"product_cat-ach-brito-muilai","8":"first","9":"instock","10":"shipping-taxable","11":"purchasable","12":"product-type-simple"},"_links":{"self":[{"href":"https:\/\/aquas.lt\/en\/wp-json\/wp\/v2\/product\/16983"}],"collection":[{"href":"https:\/\/aquas.lt\/en\/wp-json\/wp\/v2\/product"}],"about":[{"href":"https:\/\/aquas.lt\/en\/wp-json\/wp\/v2\/types\/product"}],"replies":[{"embeddable":true,"href":"https:\/\/aquas.lt\/en\/wp-json\/wp\/v2\/comments?post=16983"}],"version-history":[{"count":2,"href":"https:\/\/aquas.lt\/en\/wp-json\/wp\/v2\/product\/16983\/revisions"}],"predecessor-version":[{"id":19347,"href":"https:\/\/aquas.lt\/en\/wp-json\/wp\/v2\/product\/16983\/revisions\/19347"}],"wp:featuredmedia":[{"embeddable":true,"href":"https:\/\/aquas.lt\/en\/wp-json\/wp\/v2\/media\/19345"}],"wp:attachment":[{"href":"https:\/\/aquas.lt\/en\/wp-json\/wp\/v2\/media?parent=16983"}],"wp:term":[{"taxonomy":"product_cat","embeddable":true,"href":"https:\/\/aquas.lt\/en\/wp-json\/wp\/v2\/product_cat?post=16983"},{"taxonomy":"product_tag","embeddable":true,"href":"https:\/\/aquas.lt\/en\/wp-json\/wp\/v2\/product_tag?post=16983"}],"curies":[{"name":"wp","href":"https:\/\/api.w.org\/{rel}","templated":true}]}}