{"id":16981,"date":"2024-11-25T07:53:11","date_gmt":"2024-11-25T07:53:11","guid":{"rendered":"https:\/\/aquas.lt\/produktas\/spa-hidratante-soap-100g-35oz-mosturizing-donkey-milk-soap\/"},"modified":"2024-12-14T18:12:28","modified_gmt":"2024-12-14T18:12:28","slug":"spa-hidratante-soap-100g-35oz-mosturizing-donkey-milk-soap","status":"publish","type":"product","link":"https:\/\/aquas.lt\/en\/product\/spa-hidratante-soap-100g-35oz-mosturizing-donkey-milk-soap\/","title":{"rendered":"SPA HIDRATANTE SOAP (Mosturizing Donkey Milk Soap) (100g | 3,5oz)"},"content":{"rendered":"","protected":false},"excerpt":{"rendered":"<p>Hidratante \u2013 Leite de Burra muilas gaminamas augalinio muilo pagrindu, praturtintas asilo pienu, kuris suteikia jam unikal\u0173 komforto ir odos dr\u0117kinimo poj\u016bt\u012f. Asil\u0173 pienas, kuriame gausu baltym\u0173, vitamin\u0173 ir mineral\u0173, turi antioksidacini\u0173 savybi\u0173 ir yra galingas jaunos ir sveikos odos s\u0105jungininkas. Diskreti\u0161ko ir saldaus kvapo Hidratante muilas \u2013 Donkey Milk dr\u0117kina od\u0105 prausimosi metu.<\/p>","protected":false},"featured_media":19342,"comment_status":"open","ping_status":"closed","template":"","meta":[],"product_cat":[101],"product_tag":[],"class_list":{"0":"post-16981","1":"product","2":"type-product","3":"status-publish","4":"has-post-thumbnail","6":"product_cat-ach-brito-muilai","8":"first","9":"instock","10":"shipping-taxable","11":"purchasable","12":"product-type-simple"},"_links":{"self":[{"href":"https:\/\/aquas.lt\/en\/wp-json\/wp\/v2\/product\/16981"}],"collection":[{"href":"https:\/\/aquas.lt\/en\/wp-json\/wp\/v2\/product"}],"about":[{"href":"https:\/\/aquas.lt\/en\/wp-json\/wp\/v2\/types\/product"}],"replies":[{"embeddable":true,"href":"https:\/\/aquas.lt\/en\/wp-json\/wp\/v2\/comments?post=16981"}],"version-history":[{"count":2,"href":"https:\/\/aquas.lt\/en\/wp-json\/wp\/v2\/product\/16981\/revisions"}],"predecessor-version":[{"id":19344,"href":"https:\/\/aquas.lt\/en\/wp-json\/wp\/v2\/product\/16981\/revisions\/19344"}],"wp:featuredmedia":[{"embeddable":true,"href":"https:\/\/aquas.lt\/en\/wp-json\/wp\/v2\/media\/19342"}],"wp:attachment":[{"href":"https:\/\/aquas.lt\/en\/wp-json\/wp\/v2\/media?parent=16981"}],"wp:term":[{"taxonomy":"product_cat","embeddable":true,"href":"https:\/\/aquas.lt\/en\/wp-json\/wp\/v2\/product_cat?post=16981"},{"taxonomy":"product_tag","embeddable":true,"href":"https:\/\/aquas.lt\/en\/wp-json\/wp\/v2\/product_tag?post=16981"}],"curies":[{"name":"wp","href":"https:\/\/api.w.org\/{rel}","templated":true}]}}