{"id":16977,"date":"2024-11-25T07:53:11","date_gmt":"2024-11-25T07:53:11","guid":{"rendered":"https:\/\/aquas.lt\/produktas\/propolis-soap-90g-32oz-propolis-soap\/"},"modified":"2024-12-14T18:06:04","modified_gmt":"2024-12-14T18:06:04","slug":"propolis-soap-90g-32oz-propolis-soap","status":"publish","type":"product","link":"https:\/\/aquas.lt\/en\/product\/propolis-soap-90g-32oz-propolis-soap\/","title":{"rendered":"PROPOLIS SOAP (90g | 3,2oz)"},"content":{"rendered":"","protected":false},"excerpt":{"rendered":"<p>With a pleasant honey scent, Pr\u00f3polis soap is enriched with propolis, which is rich in minerals, vitamins, amino acids, and flavonoids.\nWith healing, anti-inflammatory and antioxidant properties, propolis has a preventive action against cell aging and it is effective in handling dermatitis.\nIdeal for cleansing, protecting, regenerating, and calming the skin.<br \/>\nPropolis, pasi\u017eymintis gydomosiomis, prie\u0161u\u017edegimin\u0117mis ir antioksidacin\u0117mis savyb\u0117mis, turi profilaktin\u012f poveik\u012f prie\u0161 l\u0105steli\u0173 sen\u0117jim\u0105 ir veiksmingai gydo dermatit\u0105.<br \/>\nIdealiai tinka odos valymui, apsaugai, regeneracijai ir raminimui.&#8221;<\/p>","protected":false},"featured_media":19331,"comment_status":"open","ping_status":"closed","template":"","meta":[],"product_cat":[101],"product_tag":[],"class_list":{"0":"post-16977","1":"product","2":"type-product","3":"status-publish","4":"has-post-thumbnail","6":"product_cat-ach-brito-muilai","8":"first","9":"instock","10":"shipping-taxable","11":"purchasable","12":"product-type-simple"},"_links":{"self":[{"href":"https:\/\/aquas.lt\/en\/wp-json\/wp\/v2\/product\/16977"}],"collection":[{"href":"https:\/\/aquas.lt\/en\/wp-json\/wp\/v2\/product"}],"about":[{"href":"https:\/\/aquas.lt\/en\/wp-json\/wp\/v2\/types\/product"}],"replies":[{"embeddable":true,"href":"https:\/\/aquas.lt\/en\/wp-json\/wp\/v2\/comments?post=16977"}],"version-history":[{"count":2,"href":"https:\/\/aquas.lt\/en\/wp-json\/wp\/v2\/product\/16977\/revisions"}],"predecessor-version":[{"id":19332,"href":"https:\/\/aquas.lt\/en\/wp-json\/wp\/v2\/product\/16977\/revisions\/19332"}],"wp:featuredmedia":[{"embeddable":true,"href":"https:\/\/aquas.lt\/en\/wp-json\/wp\/v2\/media\/19331"}],"wp:attachment":[{"href":"https:\/\/aquas.lt\/en\/wp-json\/wp\/v2\/media?parent=16977"}],"wp:term":[{"taxonomy":"product_cat","embeddable":true,"href":"https:\/\/aquas.lt\/en\/wp-json\/wp\/v2\/product_cat?post=16977"},{"taxonomy":"product_tag","embeddable":true,"href":"https:\/\/aquas.lt\/en\/wp-json\/wp\/v2\/product_tag?post=16977"}],"curies":[{"name":"wp","href":"https:\/\/api.w.org\/{rel}","templated":true}]}}