{"id":13,"date":"2024-11-30T11:19:11","date_gmt":"2024-11-30T11:19:11","guid":{"rendered":"http:\/\/aquas.lt\/?page_id=13"},"modified":"2024-12-02T08:32:12","modified_gmt":"2024-12-02T08:32:12","slug":"pirkimo-taisykles","status":"publish","type":"page","link":"https:\/\/aquas.lt\/en\/pirkimo-taisykles\/","title":{"rendered":"Pirkimo taisykl\u0117s"},"content":{"rendered":"<p>1.&nbsp;Bendrosios nuostatos<\/p><p>1.1.\u00a0\u0160ios pirkimo ir pardavimo taisykl\u0117s (toliau \u2013 Taisykl\u0117s)nustato asmens, \u012fsigyjan\u010dio prekes www.aquas.lt elektronin\u0117je parduotuv\u0117je(toliau \u2013 Pirk\u0117jas), ir UAB &#8222;Visa ko vardu&#8221; (toliau \u2013 Pardav\u0117jas)tarpusavio teises, pareigas ir atsakomyb\u0119, Pirk\u0117jui \u012fsigyjant prekes elektronin\u0117je parduotuv\u0117je. \u012esigydamas prekes elektronin\u0117je parduotuv\u0117je, Pirk\u0117jas sutinka su \u0161i\u0173 Taisykli\u0173 taikymu.<\/p><p>1.2. Pardav\u0117jas pasilieka teis\u0119 bet kuriuo metu pakeisti, taisyti ar papildyti Taisykles, atsi\u017evelgdamas \u012f teis\u0117s akt\u0173 nustatytus reikalavimus. Apie bet kokius pakeitimus, taisymus ar papildymus prisiregistrav\u0119s Pirk\u0117jas bus informuojamas prisijungimo aquas.lt puslapyje metu ir, nor\u0117damas apsipirkti \u0161ioje internetin\u0117je parduotuv\u0117je, prival\u0117s i\u0161 naujo sutikti su modifikuotomis Taisykl\u0117mis.<\/p><p>1.3. Pirkti m\u016bs\u0173 elektronin\u0117je parduotuv\u0117je turi teis\u0119:<\/p><p>1.3.1. veiksn\u016bs fiziniai asmenys, t.y. asmenys, sulauk\u0119 pilnametyst\u0117s, kuri\u0173 veiksnumas n\u0117ra apribotas teismo tvarka;<\/p><p>1.3.2. nepilname\u010diai nuo keturiolikos iki a\u0161tuoniolikos met\u0173 am\u017eiaus, tik tur\u0117dami t\u0117v\u0173 arba r\u016bpintoj\u0173 sutikim\u0105, i\u0161skyrus tuos atvejus, kai jie savaranki\u0161kai disponuoja savo pajamomis;<\/p><p>1.3.3. juridiniai asmenys;<\/p><p>1.3.4. vis\u0173 auk\u0161\u010diau nurodyt\u0173 asmen\u0173 \u012fgalioti atstovai.<\/p><p>1.4. Pirk\u0117jas, sutik\u0119s su Taisykl\u0117mis, patvirtina, kad, remiantis Taisykli\u0173 1.4. punktu, jis turi teis\u0119 pirkti prekes aquas.lt internetin\u0117je parduotuv\u0117je.<\/p><p>2. Asmens duomen\u0173 apsauga<\/p><p>2.1. U\u017esisakyti prekes internetin\u0117je parduotuv\u0117je aquas.lt Pirk\u0117jas gali dviem b\u016bdais:<\/p><p>2.1.1. u\u017esiregistruodamas \u0161ioje internetin\u0117je svetain\u0117je, \u012fvedant savo el. Pa\u0161to adres\u0105 ir slapta\u017eod\u012f;<\/p><p>2.1.2. nesiregistruodamas \u0161ioje internetin\u0117je svetain\u0117je.<\/p><p>2.2. Pirk\u0117jas u\u017esakydamas prekes tiek 2.1.1. tiek 2.1.2.Taisykli\u0173 punktuose numatytais b\u016bdais, atitinkamuose Pardav\u0117jo pateikiamuose informacijos laukuose turi nurodyti preki\u0173 u\u017esakymo tinkamam \u012fvykdymui b\u016btinus savo asmens duomenis: vard\u0105, pavard\u0119, preki\u0173 pristatymo adres\u0105, telefono numer\u012f ir elektroninio pa\u0161to adres\u0105.<\/p><p>2.3.Jeigu Pirk\u0117jas sutinka, 2.2. punkte nurodyti jo asmens duomenys gali b\u016bti tvarkomi elektronin\u0117je parduotuv\u0117je aquas.lt tiesiogin\u0117s rinkodaros tikslais. Pirk\u0117jas registracijos metu turi galimyb\u0119 pasirinkti gauti ar negauti naujienlai\u0161kius ir specialius pasi\u016blymus.\u00a0<\/p><p>2.4. Pirk\u0117jas, sutikdamas, kad jo asmens duomenys b\u016bt\u0173 tvarkomi preki\u0173 ir paslaug\u0173 pardavimo Pardav\u0117jo elektronin\u0117je parduotuv\u0117je tikslu, taip pat sutinka, kad jo nurodytais elektroninio pa\u0161to adresu ir telefono numeriu b\u016bt\u0173 siun\u010diami informaciniai prane\u0161imai, kurie b\u016btini preki\u0173 u\u017esakymui \u012fvykdyti.<\/p><p>2.5. Pardav\u0117jas \u012fsipareigoja neatskleisti Pirk\u0117jo asmens duomen\u0173 tretiesiems asmenims, i\u0161skyrus Pardav\u0117jo partnerius, teikian\u010dius preki\u0173 pristatymo ar kitas, su Pirk\u0117jo u\u017esakymo tinkamu \u012fvykdymu susijusias paslaugas.Visais kitais atvejais Pirk\u0117jo asmens duomenys tretiesiems asmenims gali b\u016bti atskleid\u017eiami tik LR teis\u0117s akt\u0173 numatyta tvarka.<\/p><p>2.6. Pardav\u0117jo ar Lietuvos pa\u0161to darbuotojui pateiktas Pirk\u0117jo asmens tapatyb\u0119 patvirtinantis dokumentas ir jame esantys Pirk\u0117jo duomenys naudojami tik tinkamam asmens tapatyb\u0117s identifikavimui.<\/p><p>3. Pirkimo \u2013 pardavimo sutarties sudarymo momentas<\/p><p>3.1. Sutartis tarp Pirk\u0117jo ir Pardav\u0117jo laikoma sudaryta nuo to momento, kai Pirk\u0117jas, i\u0161sirink\u0119s perkam\u0105 (as) prek\u0119(es) ir suformav\u0119 spreki\u0173 krep\u0161el\u012f, paspaud\u017eia nuorod\u0105&nbsp;\u201eApmok\u0117ti\u201c.<\/p><p>4.&nbsp;Pirk\u0117jo teis\u0117s<\/p><p>4.1. Pirk\u0117jas turi teis\u0119 pirkti prekes aquas.lt internetin\u0117je parduotuv\u0117je \u0161i\u0173 Taisykli\u0173 nustatyta tvarka.<\/p><p>4.2. Pirk\u0117jas turi teis\u0119 atsisakyti preki\u0173 pirkimo \u2013pardavimo sutarties, sudarytos su aquas.lt internetine parduotuve,prane\u0161damas apie tai Pardav\u0117jui ra\u0161tu (elektroniniu pa\u0161tu, nurodant pageidaujam\u0105 gr\u0105\u017einti prek\u0119, jos u\u017esakymo numer\u012f bei gr\u0105\u017einimo prie\u017east\u012f) nev\u0117liau kaip per 14 (keturiolika) darbo dien\u0173 nuo daikto pristatymo dienos.<\/p><p>4.3. Taisykli\u0173 4.2. punkte numatyta Pirk\u0117jo teis\u0117 \u012fgyvendinama vadovaujantis Civilinio kodekso nuostatomis bei LR Vyriausyb\u0117s nutarimu d\u0117l Ma\u017emenin\u0117s prekybos taisykli\u0173 patvirtinimo (2001 m. bir\u017eelio 11 d. Nr. 697, 2014 m. redakcija).<\/p><p>4.4. Taisykli\u0173 4.2. punkte numatyta teise Pirk\u0117jas gali pasinaudoti tik tuo atveju, jeigu prek\u0117 nebuvo sugadinta arba i\u0161 esm\u0117s nepasikeit\u0117 jos i\u0161vaizda, taip pat ji nebuvo naudojama.<\/p><p>5.&nbsp;Pirk\u0117jo pareigos<\/p><p>5.1.&nbsp;Pirk\u0117jas privalo sumok\u0117ti preki\u0173 bei j\u0173 pristatymo kain\u0105, taip pat kitus mok\u0117jimus (jei tokie nurodyti, sudarant sutart\u012f) ir priimti u\u017esakytas prekes. U\u017e prekes Pirk\u0117jas sumoka per Paysera sistem\u0105, grynais pinigais preki\u0173 pristatymo metu, prekes atve\u017eusios kurjerin\u0117s tarnybos \u012fgaliotam atstovui arba banko kortele atsiimdamas prekes i\u0161 pasirinkto siunt\u0173 terminal\u0105.<\/p><p>5.2. Jeigu pasikei\u010dia Pirk\u0117jo registracijos formoje pateikti duomenys, Pirk\u0117jas privalo nedelsdamas juos atnaujinti 5.3 5.3. Pasira\u0161ant pinig\u0173 pri\u0117mimo kvit\u0105 su UAB\u201eLP EXPRESS\u201c \u012fgaliotu darbuotoju bei Pirk\u0117jas turi perduoti jam tiksli\u0105 u\u017e prekes ir pristatymo i\u0161laidas mok\u0117tin\u0105 pinig\u0173 sum\u0105<\/p><p>5.4. U\u017esiregistrav\u0119s Pirk\u0117jas \u012fsipareigoja neperduoti tretiesiems asmenims savo prisijungimo duomen\u0173.&nbsp;<\/p><p>5.5. Pirk\u0117jas, naudodamasis aquas.lt internetine parduotuve, \u012fsipareigoja laikytis \u0161i\u0173 Taisykli\u0173, kit\u0173 s\u0105lyg\u0173, ai\u0161kiai nurodyt\u0173 internetin\u0117je parduotuv\u0117je, bei nepa\u017eeisti Lietuvos Respublikos teis\u0117s akt\u0173.<\/p><p>6.&nbsp;Pardav\u0117jo teis\u0117s<\/p><p>6.1. Jei Pirk\u0117jas bando pakenkti internetin\u0117s parduotuv\u0117s darbo stabilumui ir saugumui ar pa\u017eeid\u017eia savo \u012fsipareigojimus, Pardav\u0117jas turi teis\u0119 nedelsiant ir be persp\u0117jimo apriboti ar sustabdyti jam galimyb\u0119 naudotis internetine parduotuve arba i\u0161skirtiniais atvejais panaikinti Pirk\u0117jo registracij\u0105.<\/p><p>6.3. Susidarius svarbioms aplinkyb\u0117ms, Pardav\u0117jas gali laikinai arba i\u0161 viso nutraukti internetin\u0117s parduotuv\u0117s veikl\u0105, apie tai i\u0161 anksto neprane\u0161\u0119 Pirk\u0117jui.<\/p><p>6.4. Pardav\u0117jas turi teis\u0119 i\u0161 anksto neprane\u0161\u0119s Pirk\u0117jui anuliuoti jo u\u017esakym\u0105, jeigu Pirk\u0117jas, pasirink\u0119s Taisykli\u0173 8.2.1. punkte numatyt\u0105 apmok\u0117jimo b\u016bd\u0105, nesumoka u\u017e prekes per 3 (tris) kalendorines dienas.<\/p><p>7.&nbsp;Pardav\u0117jo \u012fsipareigojimai<\/p><p>7.1. Pardav\u0117jas \u012fsipareigoja \u0161iose Taisykl\u0117se ir internetin\u0117je parduotuv\u0117je nustatytomis s\u0105lygomis sudaryti Pirk\u0117jui galimyb\u0119 naudotis internetin\u0117s parduotuv\u0117s aquas.lt teikiamomis paslaugomis.<\/p><p>7.2. Pardav\u0117jas \u012fsipareigoja gerbti Pirk\u0117jo privatumo teis\u0119 \u012f jam priklausan\u010di\u0105 asmenin\u0119 informacij\u0105, t.y. Pirk\u0117jo nurodytus asmens duomenis tvarkyti tik Taisykli\u0173 2 skyriuje ir Lietuvos Respublikos teis\u0117s akt\u0173 nustatyta tvarka.<\/p><p>7.3. Pardav\u0117jas \u012fsipareigoja pristatyti Pirk\u0117jo u\u017esakytas prekes jo nurodytu adresu&nbsp;9 Taisykli\u0173&nbsp;skyriuje nurodytomis s\u0105lygomis.<\/p><p>7.4. Pardav\u0117jas, d\u0117l svarbi\u0173 aplinkybi\u0173 negal\u0117damas pristatyti Pirk\u0117jui u\u017esakytos prek\u0117s, &nbsp;\u012fsipareigoja gr\u0105\u017einti Pirk\u0117jui sumok\u0117tus pinigus per 7 (septynias) darbo dienas, jeigu buvo atliktas i\u0161ankstinis apmok\u0117jimas.<\/p><p>7.5. Pirk\u0117jui pasinaudojus Taisykli\u0173 4.2. punkte numatyta teise ir esant Taisykli\u0173 4.4. punkte numatytai s\u0105lygai, Pardav\u0117jas \u012fsipareigoja gr\u0105\u017einti Pirk\u0117jui sumok\u0117tus pinigus per 7 (septynias) darbo dienas, skai\u010diuojamas nuo gr\u0105\u017einamos prek\u0117s gavimo dienos.<\/p><p>8.&nbsp;Preki\u0173 kainos, apmok\u0117jimo tvarka ir terminai<\/p><p>8.1. Preki\u0173 kainos internetin\u0117je parduotuv\u0117je ir suformuotame u\u017esakyme nurodomos eurais.<\/p><p>8.2. Pirk\u0117jas Pirk\u0117jas atsiskaito u\u017e prekes naudodamasis vienu i\u0161 \u0161i\u0173 b\u016bd\u0173:<\/p><p>8.2.1. elektronine bankininkyste per Paysera.lt sistem\u0105 ar Paysera sistemoje nurodytais b\u016bdais;<\/p><p>8.2.2. grynaisiais preki\u0173 pristatymo metu arba banko kortele preki\u0173 atsi\u0117mimo i\u0161 siunt\u0173 terminalo metu;<\/p><p>8.2.3. banko pavedimu;<\/p><p>8.3. Pasirink\u0119s atsiskaitymo elektronine bankininkyste per Paysera.lt sistem\u0105 b\u016bd\u0105, pirk\u0117jas \u012fsipareigoja sumok\u0117ti nedelsiant. Tik gavus apmok\u0117jim\u0105 u\u017e prekes pradedamas formuoti preki\u0173 siuntinys ir pradedamas skai\u010diuoti preki\u0173 pristatymo terminas.<\/p><p>8.4.&nbsp;Atkreipiame J\u016bs\u0173 d\u0117mes\u012f \u012f tai, kad tuo atveju, jeigu pirk\u0117jas atsiskaito dovan\u0173 \u010dekiu, -iais, o pardav\u0117jas neturi galimyb\u0117s \u012fvykdyti u\u017esakymo, pinigai n\u0117ra gr\u0105\u017einami, bet si\u016bloma pasirinkti kit\u0105 prek\u0119, -es.<\/p><p>9.&nbsp;Preki\u0173 pristatymas<\/p><p>9.1.&nbsp;Preki\u0173 pristatymas Pirk\u0117jui:<\/p><p>9.2.Prek\u0117s pristatomos \u012f nurodyt\u0105 siunt\u0173 terminal\u0105:<\/p><p>9.2.1. Pirk\u0117jas, \u012fsipareigoja nurodyti siunt\u0173 terminal\u0105, \u012f kur\u012f pageidauja gauti prekes.<\/p><p>9.2.2. Siunt\u0173 terminale siunta laikoma 72 val. Pasibaigus laikotarpiui, siunta gr\u0105\u017einama siunt\u0117jui.<\/p><p>9.2.3. Nukreipti siunt\u0105 \u012f kit\u0105 pristatymo viet\u0105 negalima.<\/p><p>9.3. Preki\u0173 pristatymas Pirk\u0117jo nurodytu adresu:<\/p><p>9.3.1.&nbsp;Pirk\u0117jas, u\u017esakymo metu pasirink\u0119s preki\u0173 pristatymo paslaug\u0105, \u012fsipareigoja nurodyti tiksli\u0105 preki\u0173 pristatymo viet\u0105.<br>9.3.2. Pirk\u0117jas \u012fsipareigoja prekes priimti pats. Tuo atveju, kai jis preki\u0173 pats priimti negali, o prek\u0117s pristatytos nurodytu adresu ir remiantis kitais Pirk\u0117jo pateiktais duomenimis, Pirk\u0117jas neturi teis\u0117s reik\u0161ti Pardav\u0117jui pretenzij\u0173 d\u0117l preki\u0173 pristatymo netinkamam subjektui.<br>9.3.3. Prekes pristato Pardav\u0117jas arba jo \u012fgaliotas atstovas.<\/p><p>9.4. Preki\u0173 pristatymo (transportavimo) mokestis skai\u010diuojamas atsi\u017evelgiant \u012f u\u017esakymo sum\u0105. Preki\u0173 pristatymo kainos nurodytos aquas.lt puslapyje http:\/\/aquas.lt\/pristatymas<\/p><p>9.5. Pirk\u0117jas sutinka, jog i\u0161imtiniais atvejais preki\u0173 pateikimas gali v\u0117luoti d\u0117l nenumatyt\u0173, nuo Pardav\u0117jo nepriklausan\u010di\u0173 aplinkybi\u0173. Tokiu atveju Pardav\u0117jas \u012fsipareigoja nedelsiant susisiekti su Pirk\u0117ju ir suderinti preki\u0173 pateikimo s\u0105lygas.<\/p><p>9.6. Visais atvejais Pardav\u0117jas atleid\u017eiamas nuo atsakomyb\u0117s u\u017e preki\u0173 pateikimo termin\u0173 pa\u017eeidim\u0105, jeigu prek\u0117s Pirk\u0117jui n\u0117ra pateikiamos arba pateikiamos ne laiku d\u0117l Pirk\u0117jo kalt\u0117s arba d\u0117l nuo Pirk\u0117jo priklausan\u010di\u0173 aplinkybi\u0173.<\/p><p>9.7. Preki\u0173 pateikimo Pirk\u0117jui metu Pirk\u0117jas privalo kartu su Pardav\u0117ju arba jo \u012fgaliotu atstovu patikrinti siuntos ir prek\u0117s(-i\u0173) b\u016bkl\u0119 bei pasira\u0161yti siuntos perdavimo \u2013 pri\u0117mimo dokument\u0105. Pirk\u0117jui pasira\u0161ius siuntos perdavimo \u2013 pri\u0117mimo dokumente, laikoma, kad siunta yra perduota tinkamos b\u016bkl\u0117s, preki\u0173 pa\u017eeidim\u0173, kuri\u0173 atsiradimo pagrindas priskirtinas negamykliniam brokui, bei prek\u0117s(-i\u0173) komplektacijos neatitikim\u0173 (toki\u0173, kuriuos galima nustatyti i\u0161orin\u0117s preki\u0173 ap\u017ei\u016bros metu) n\u0117ra. Pasteb\u0117j\u0119s, kad pateiktos siuntos pakuot\u0117 pa\u017eeista (suglam\u017eyta, \u0161lapia ar kitaip i\u0161ori\u0161kai pa\u017eeista), prek\u0117(-\u0117s) yra pa\u017eeista(-os) ir\/ar prek\u0117(-\u0117s) yra netinkamos komplektacijos, Pirk\u0117jas privalo tai pa\u017eym\u0117ti siuntos perdavimo \u2013 pri\u0117mimo dokumente bei ,dalyvaujant Pardav\u0117jui ar jo atstovui, sura\u0161yti laisvos formos siuntos ir\/ar prek\u0117s(-i\u0173) pa\u017eeidimo\/neatitikim\u0173 akt\u0105. Pirk\u0117jui neatlikus \u0161i\u0173 veiksm\u0173, Pardav\u0117jas yra atleid\u017eiamas nuo atsakomyb\u0117s prie\u0161 Pirk\u0117j\u0105 d\u0117l preki\u0173 pa\u017eeidim\u0173, jeigu toki\u0173 pa\u017eeidim\u0173 atsiradimo pagrindas n\u0117ra gamyklinis brokas bei d\u0117l preki\u0173 komplektacijos neatitikim\u0173, jeigu \u0161iuos neatitikimus galima nustatyti i\u0161orin\u0117s preki\u0173 ap\u017ei\u016bros metu.<\/p><p>10.&nbsp;Preki\u0173 gr\u0105\u017einimas ir keitimas<\/p><p>10.1.Parduot\u0173 preki\u0173 tr\u016bkumai \u0161alinami, nekokybi\u0161kos prek\u0117s kei\u010diamos, gr\u0105\u017einamos vadovaujantis&nbsp;2001 m. bir\u017eelio 11 d. Lietuvos Respublikos Vyriausyb\u0117s nutarimu Nr. 697 patvirtintomis \u201eMa\u017emenin\u0117s prekybos taisykl\u0117mis\u201c.<\/p><p>10.2. Nor\u0117damas gr\u0105\u017einti prek\u0119(es) Pirk\u0117jas turi u\u017epildyti preki\u0173 gr\u0105\u017einimo pra\u0161ym\u0105 ir j\u012f atsi\u0173sti el. pa\u0161tu info@aquas.lt.<\/p><p>10.3. 10.1 punkte numatyta teise Pirk\u0117jas gali pasinaudoti per 14 (keturiolika) kalendorini\u0173 dien\u0173 nuo preki\u0173 pristatymo jam dienos, informuodamas apie tai Pardav\u0117j\u0105 10.2. Taisykli\u0173 punkte numatyta tvarka.<\/p><p>10.4.Pirk\u0117jui gr\u0105\u017einant prekes, b\u016btina laikytis \u0161i\u0173 s\u0105lyg\u0173:<\/p><p>10.4.1. gr\u0105\u017einama prek\u0117 turi b\u016bti originalioje tvarkingoje pakuot\u0117je (\u0161is punktas netaikomas tuo atveju, kai gr\u0105\u017einama nekokybi\u0161ka prek\u0117);<\/p><p>10.4.2. prek\u0117 turi b\u016bti Pirk\u0117jo nesugadinta;<\/p><p>10.4.3. prek\u0117 turi b\u016bti nenaudota, nepraradusi prekin\u0117s i\u0161vaizdos (\u0161is punktas netaikomas tuo atveju, kai gr\u0105\u017einama nekokybi\u0161ka prek\u0117);<\/p><p>10.4.4. gr\u0105\u017einama prek\u0117 turi b\u016bti tos pa\u010dios komplektacijos, kokios buvo Pirk\u0117jo gauta;<\/p><p>10.5. Pardav\u0117jas turi teis\u0119 nepriimti Pirk\u0117jo gr\u0105\u017einam\u0173 preki\u0173, jei Pirk\u0117jas nesilaiko \u0161iame straipsnyje nustatytos preki\u0173 gr\u0105\u017einimo tvarkos.<\/p><p>10.6.&nbsp;Taisykli\u0173 10.1 punkte numatyta teise gali pasinaudoti tik Pirk\u0117jas, kuris pagal LR Vartotoj\u0173 teisi\u0173 apsaugos \u012fstatymo nuostatas pripa\u017eintinas vartotoju, t.&nbsp;y. fizinis asmuo, su savo verslu, prekyba, amatu ar profesija nesusijusiais tikslais (vartojimo tikslais) siekiantis sudaryti ar sudarantis sutartis.<\/p><p>10.6.1.&nbsp;&nbsp; Pirk\u0117jas (vartotojas) negali pasinaudoti Taisykli\u0173 10.1 punkte numatyta teise atsisakyti sutarties, kai sutartis sudaryta d\u0117l:<\/p><p>10.6.2.&nbsp; greitai gendan\u010di\u0173 preki\u0173 ar preki\u0173, kuri\u0173 galiojimo laikas yra trumpas;<\/p><p>10.6.3.&nbsp;&nbsp; supakuot\u0173 preki\u0173, kurios buvo i\u0161pakuotos po pristatymo ir kurios yra netinkamos gr\u0105\u017einti d\u0117l sveikatos apsaugos ar higienos prie\u017eas\u010di\u0173;<\/p><p>10.6.4. supakuot\u0173 vaizdo ar garso \u012fra\u0161\u0173 arba supakuotos programin\u0117s \u012frangos, kurie buvo i\u0161pakuoti po pristatymo;<\/p><p>10.6.5. laikra\u0161\u010di\u0173, \u017eurnal\u0173 ar kit\u0173 periodini\u0173 leidini\u0173;<\/p><p>10.6.6. &nbsp;dalyvavimo \u017eaidimuose ar loterijose;<\/p><p>taip pat kitais Civilinio kodekso, 2001 m. bir\u017eelio 11 d. Lietuvos Respublikos Vyriausyb\u0117s nutarimu Nr. 697 patvirtint\u0173 \u201eMa\u017emenin\u0117s prekybos taisykli\u0173\u201c bei kit\u0173 teis\u0117s akt\u0173 nustatytais atvejais.<\/p><p>10.7.&nbsp;&nbsp; Netinkamos kokyb\u0117s prek\u0117s ar kokybi\u0161kos prek\u0117s, kuri\u0173 Pirk\u0117jui nepatinka forma, dydis, spalva, modelis ar komplekti\u0161kumas, kei\u010diamos ar gr\u0105\u017einamos vadovaujantis 2001 m. bir\u017eelio 11 d. Lietuvos Respublikos Vyriausyb\u0117s nutarimu Nr. 697 patvirtintomis Ma\u017emenin\u0117s prekybos taisykl\u0117mis, Lietuvos Respublikos civiliniu kodeksu ir kitais galiojan\u010diais Lietuvos Respublikos teis\u0117s aktais.<\/p><p>10.8. Pinigai u\u017e gr\u0105\u017eintas prekes visais atvejais pervedami mok\u0117jimo pavedimu ir tik \u012f mok\u0117tojo banko s\u0105skait\u0105.<\/p><p>11.&nbsp;Preki\u0173 kokyb\u0117s garantija<\/p><p>11.1. Prek\u0117ms galioja j\u0173 gamintojo suteikta kokyb\u0117s garantija ir (ar) tinkamumo naudoti terminas, kuri\u0173 konkretus terminas (trukm\u0117) ir (ar) kitos s\u0105lygos, \u012fskaitant s\u0105lygas garantijos netaikymui, nurodomos toki\u0173 Preki\u0173 apra\u0161ymuose, ant Prek\u0117s pakuot\u0117s ir (arba) kartu su Prek\u0117mis pateikiamose garantin\u0117se knygel\u0117se. Jeigu tam tikroms Preki\u0173 r\u016b\u0161ims gamintojo kokyb\u0117s garantija n\u0117ra suteikta, tokioms Prek\u0117ms galioja dviej\u0173 met\u0173 garantija pagal \u012fstatym\u0105 ir gamintojo komercin\u0117 garantija, kuri neapriboja ir nevar\u017eo Pirk\u0117j\u0173 teisi\u0173, kurias \u012fsigijus netinkamos kokyb\u0117s prek\u0119 Pirk\u0117jams nustato LR CK.<\/p><p>11.2. Pirk\u0117jas, \u012fsigij\u0119s netinkamos kokyb\u0117s Prek\u0119 savo pasirinkimu turi teis\u0119:<\/p><p>11.2.1. reikalauti i\u0161 Pardav\u0117jo nemokamai pa\u0161alinti Prek\u0117s tr\u016bkumus; arba<\/p><p>11.2.2. reikalauti i\u0161 Pardav\u0117jo nemokamai pakeisti netinkamos kokyb\u0117s Prek\u0119 tinkamos kokyb\u0117s Preke; arba<\/p><p>11.2.3. reikalauti i\u0161 Pardav\u0117jo atitinkamai suma\u017einti Prek\u0117s kain\u0105; arba<\/p><p>11.2.4. viena\u0161ali\u0161kai nutraukti Sutart\u012f ir pareikalauti sugr\u0105\u017einti sumok\u0117t\u0105 Prek\u0117s kain\u0105.<\/p><p>11.3. Pirk\u0117jas supranta, jog Preki\u0173 nuotraukos gali skirtis nuo realios Prek\u0117s i\u0161vaizdos, o tinklapyje pavaizduot\u0173 Preki\u0173 spalva, forma ir (ar) kiti parametrai gali neatitikti reali\u0173 Prek\u0117s form\u0173, spalvos ir (ar) kit\u0173 parametr\u0173 d\u0117l Pirk\u0117jo naudojamo \u012frenginio technini\u0173 savybi\u0173. D\u0117l to, tuo atveju, jeigu Jums reik\u0117t\u0173 i\u0161samesn\u0117s informacijos, patarimo ar nurodym\u0173 d\u0117l m\u016bs\u0173 Preki\u0173, pra\u0161ome kreiptis tiesiogiai \u012f Pardav\u0117j\u0105 el. pa\u0161tu\u00a0<a href=\"mailto:info@inbeauty.lt\">info@aquas.lt<\/a>.<\/p><p>12.&nbsp;Atsakomyb\u0117<\/p><p>12.1. Pirk\u0117jas yra visi\u0161kai atsakingas u\u017e jo pateikiam\u0173 asmens duomen\u0173 teisingum\u0105. Jei Pirk\u0117jas nepateikia tiksli\u0173 asmens duomen\u0173, Pardav\u0117jas neatsako u\u017e d\u0117l to atsiradusius padarinius ir \u012fgyja teis\u0119 reikalauti i\u0161 Pirk\u0117jo patirt\u0173 tiesiogini\u0173 nuostoli\u0173 atlyginimo.<\/p><p>12.2. Pirk\u0117jas atsako u\u017e veiksmus, atliktus naudojantis \u0161ia internetine parduotuve.<\/p><p>12.3. U\u017esiregistrav\u0119s Pirk\u0117jas atsako u\u017e savo prisijungimo duomen\u0173 perdavim\u0105 tretiesiems asmenims. Jei aquas.lt teikiamomis paslaugomis naudojasi tre\u010diasis asmuo, prisijung\u0119s prie internetin\u0117s parduotuv\u0117s naudodamasis Pirk\u0117jo prisijungimo duomenimis, Pardav\u0117jas \u0161\u012f asmen\u012f laiko Pirk\u0117ju.<\/p><p>12.4. Pardav\u0117jas atleid\u017eiamas nuo bet kokios atsakomyb\u0117s tais atvejais, kai nuostoliai kyla d\u0117l to, jog Pirk\u0117jas, neatsi\u017evelgdamas \u012f Pardav\u0117jo rekomendacijas ir savo \u012fsipareigojimus, nesusipa\u017eino su \u0161iomis Taisykl\u0117mis, nors tokia galimyb\u0117 jam buvo suteikta.<\/p><p>12.5. Atsiradus \u017ealai, kaltoji \u0161alis atlygina kitai \u0161aliai tiesioginius nuostolius.<\/p><p>12.6. Pardav\u0117jas neatsako d\u0117l Pirk\u0117jo ir Pardav\u0117jo partneri\u0173, kuri\u0173 paslaugas Pirk\u0117jas u\u017esako, tinkamo tarpusavio \u012fsipareigojim\u0173 vykdymo.<\/p><p>13.&nbsp;Pardav\u0117jo taikomos rinkodaros priemon\u0117s<\/p><p>13.1. Pardav\u0117jas savo nuo\u017ei\u016bra gali inicijuoti internetin\u0117je parduotuv\u0117je aquas.lt \u012fvairias akcijas.<\/p><p>13.2.&nbsp;&nbsp;Pardav\u0117jas pasilieka teis\u0119, savo nuo\u017ei\u016bra, bet kuriuo metu \u012fvesti ir (ar) at\u0161aukti pasi\u016blymus, akcijas arba keisti Preki\u0173 kainas, skelbiamas Tinklapyje, arba bet koki\u0105 Tinklapio med\u017eiag\u0105 ar turin\u012f, nepa\u017eeid\u017eiant Kliento teisi\u0173, \u012fskaitant Sutarties s\u0105lyg\u0173, sudaryt\u0173 iki tokio pakeitimo.<\/p><p>13.3. Nuolaidos nesumuojamos.<\/p><p>13.4. Nuolaidos kodai negalioja akcijin\u0117ms prek\u0117ms, tam tikr\u0173 preki\u0173 \u017eenkl\u0173 technikos priemon\u0117ms bei maisto papildams.<\/p><p>13.5. Pirk\u0117jas neprie\u0161tarauja \u012fvertinti prek\u0119 po to, kai j\u0105 nusipirko.<\/p><p>14. Slapuk\u0173 naudojimas<\/p><p>14.1.\u00a0Nor\u0117damas Pirk\u0117jui ar Elektronin\u0117s parduotuv\u0117s lankytojui pasi\u016blyti visavertes Elektronin\u0117je parduotuv\u0117je si\u016blomas paslaugas, Elektronin\u0117je parduotuv\u0117je Administratorius naudoja sisteminius slapukus (angl. cookies). Slapukai naudojami siekiant atpa\u017einti ankstesn\u012f Elektronin\u0117s parduotuv\u0117s lankytoj\u0105, nustatyti Elektronin\u0117s parduotuv\u0117s puslapio kalb\u0105, identifikuoti vartotojo sesij\u0105, sesijos rakt\u0105, taip pat siekiant identifikuoti ir i\u0161taisyti Elektronin\u0117je parduotuv\u0117je esan\u010dias klaidas.\u00a0<\/p><p>15. Baigiamosios nuostatos<\/p><p>15.1. \u0160ios taisykl\u0117s sudarytos vadovaujantis LR teis\u0117s aktais.<\/p><p>15.2. \u0160i\u0173 taisykli\u0173 pagrindu kylantiems santykiams taikoma LR teis\u0117<\/p><p>15.3. Visi nesutarimai, kil\u0119 d\u0117l \u0161i\u0173 taisykli\u0173 vykdymo, sprend\u017eiami deryb\u0173 b\u016bdu. Nepavykus susitarti, gin\u010dai sprend\u017eiami LR \u012fstatym\u0173 nustatyta tvarka.<\/p><p>15.4. Pirk\u0117jas ir Pardav\u0117jas susitaria, kad visi su Sutartimi susij\u0119 ar d\u0117l jos vykdymo, pa\u017eeidimo, nutraukimo ar negaliojimo kil\u0119 gin\u010dai, pretenzijos ir (ar) nesutarimai sprend\u017eiami deryb\u0173 keliu. Jeigu susitarimo nepavyksta pasiekti derybomis, gin\u010dai yra sprend\u017eiami Lietuvos Respublikos teis\u0117s akt\u0173 nustatyta tvarka, kaip nurodyta Tinklapio naudojimo tvarkoje.<\/p><p>15.5. Tuo atveju, jei Pirk\u0117jas nesutinka su Pardav\u0117jo parengtu atsakymu \u012f Pirk\u0117jo ra\u0161ytin\u0119 pretenzij\u0105, savo pra\u0161ym\u0105\/skund\u0105 d\u0117l aquas.lt \u012fsigytos prek\u0117s Pirk\u0117jas gali pateikti Valstybinei vartotoj\u0173 teisi\u0173 apsaugos tarnybai (Vilniaus g. 25, 01402 Vilnius, el.p.\u00a0tarnyba@vvtat.lt, tel. 8 5 262 67 51, faks. (8 5) 279 1466, interneto svetain\u0117je www.vvtat.lt (taip pat Valstybin\u0117s vartotoj\u0173 teisi\u0173 apsaugos tarnybos teritoriniams padaliniams apskrityse) &#8211; ar u\u017epildyti pra\u0161ymo form\u0105 EGS platformoje https:\/\/ec.europa.eu\/odr\/.<\/p><p>15.6. Pardav\u0117jas turi teis\u0119 pakeisti, pakoreguoti ar papildyti Preki\u0173 pirkimo-pardavimo taisykles Tinklapio naudojimo tvarkoje numatytu b\u016bdu, tod\u0117l Pirk\u0117jui teikiant Preki\u0173 u\u017esakym\u0105, bus taikomos Preki\u0173 pirkimo-pardavimo taisykl\u0117s, galiojan\u010dios Preki\u0173 u\u017esakymo pateikimo metu. Visais atvejais Pirk\u0117jas \u012fsipareigoja su Preki\u0173 pirkimo-pardavimo taisykl\u0117mis susipa\u017einti kiekvieno Preki\u0173 u\u017esakymo pateikimo metu, pa\u017eym\u0117damas nuorod\u0105, kurioje nurodoma, jog su Taisykl\u0117mis susipa\u017eino. Tokiu b\u016bdu Pirk\u0117jas patvirtina, kad perskait\u0117 ir suprato Preki\u0173 u\u017esakymo metu galiojan\u010dias Tinklapyje pateikiamas Taisykles, \u012fskaitant aktuali\u0105 Preki\u0173 pirkimo-pardavimo taisykli\u0173 redakcij\u0105.<\/p><p>15.7. Nor\u0117dami informuoti Mus apie Preki\u0173 pirkimo-pardavimo taisykli\u0173 pa\u017eeidim\u0105, tur\u0117dami klausim\u0173, pretenzij\u0173 ar jei Jums reikalinga M\u016bs\u0173 pagalba d\u0117l Preki\u0173 pirkimo-pardavimo taisykli\u0173 ai\u0161kinimo ar j\u0173 taikymo, pra\u0161ome kreiptis el. pa\u0161tu\u00a0info@aquas.lt\u00a0arba pa\u0161tu adresu UAB &#8222;Visa ko vardu&#8221;, Giruli\u0173 g. 10, Vilnius. \u012e J\u016bs\u0173 paklausimus, gautus ra\u0161tu, atsakysime per 14 (keturiolika) kalendorini\u0173 dien\u0173 nuo paklausimo gavimo dienos.<\/p>","protected":false},"excerpt":{"rendered":"<p>1.&nbsp;Bendrosios nuostatos 1.1.\u00a0\u0160ios pirkimo ir pardavimo taisykl\u0117s (toliau \u2013 Taisykl\u0117s)nustato asmens, \u012fsigyjan\u010dio prekes www.aquas.lt elektronin\u0117je parduotuv\u0117je(toliau \u2013 Pirk\u0117jas), ir UAB<\/p>","protected":false},"author":1,"featured_media":0,"parent":0,"menu_order":0,"comment_status":"closed","ping_status":"closed","template":"","meta":{"footnotes":""},"class_list":["post-13","page","type-page","status-publish","hentry"],"_links":{"self":[{"href":"https:\/\/aquas.lt\/en\/wp-json\/wp\/v2\/pages\/13"}],"collection":[{"href":"https:\/\/aquas.lt\/en\/wp-json\/wp\/v2\/pages"}],"about":[{"href":"https:\/\/aquas.lt\/en\/wp-json\/wp\/v2\/types\/page"}],"author":[{"embeddable":true,"href":"https:\/\/aquas.lt\/en\/wp-json\/wp\/v2\/users\/1"}],"replies":[{"embeddable":true,"href":"https:\/\/aquas.lt\/en\/wp-json\/wp\/v2\/comments?post=13"}],"version-history":[{"count":1,"href":"https:\/\/aquas.lt\/en\/wp-json\/wp\/v2\/pages\/13\/revisions"}],"predecessor-version":[{"id":18102,"href":"https:\/\/aquas.lt\/en\/wp-json\/wp\/v2\/pages\/13\/revisions\/18102"}],"wp:attachment":[{"href":"https:\/\/aquas.lt\/en\/wp-json\/wp\/v2\/media?parent=13"}],"curies":[{"name":"wp","href":"https:\/\/api.w.org\/{rel}","templated":true}]}}